{"id":338,"date":"2025-03-19T08:33:17","date_gmt":"2025-03-19T08:33:17","guid":{"rendered":"https:\/\/atron.ch\/datenschutz\/"},"modified":"2026-02-26T10:19:49","modified_gmt":"2026-02-26T10:19:49","slug":"data-privacy","status":"publish","type":"page","link":"https:\/\/atron.ch\/en\/data-privacy\/","title":{"rendered":"Data Privacy"},"content":{"rendered":"<div class=\"fusion-fullwidth fullwidth-box fusion-builder-row-1 fusion-flex-container has-pattern-background has-mask-background nonhundred-percent-fullwidth non-hundred-percent-height-scrolling\" style=\"--awb-border-radius-top-left:0px;--awb-border-radius-top-right:0px;--awb-border-radius-bottom-right:0px;--awb-border-radius-bottom-left:0px;--awb-flex-wrap:wrap;\" ><div class=\"fusion-builder-row fusion-row fusion-flex-align-items-flex-start fusion-flex-content-wrap\" style=\"max-width:1664px;margin-left: calc(-4% \/ 2 );margin-right: calc(-4% \/ 2 );\"><div class=\"fusion-layout-column fusion_builder_column fusion-builder-column-0 fusion_builder_column_1_1 1_1 fusion-flex-column\" style=\"--awb-bg-size:cover;--awb-width-large:100%;--awb-margin-top-large:0px;--awb-spacing-right-large:1.92%;--awb-margin-bottom-large:20px;--awb-spacing-left-large:1.92%;--awb-width-medium:100%;--awb-order-medium:0;--awb-spacing-right-medium:1.92%;--awb-spacing-left-medium:1.92%;--awb-width-small:100%;--awb-order-small:0;--awb-spacing-right-small:1.92%;--awb-spacing-left-small:1.92%;\"><div class=\"fusion-column-wrapper fusion-column-has-shadow fusion-flex-justify-content-flex-start fusion-content-layout-column\"><div class=\"fusion-text fusion-text-1\" style=\"--awb-line-height:1.4;\"><h2>Datenschutzerkl\u00e4rung<\/h2>\n<p><strong>1.<\/strong> Mit dieser Datenschutzerkl\u00e4rung informieren wir Sie \u00fcber unseren Umgang mit gesammelten personenbezogenen Daten (\u201cPersonendaten\u201d) auf unseren Webseiten (www.atron.ch) und bei der E-Mail-Kommunikation mit unseren Mitarbeitern. Sie k\u00f6nnen entscheiden, ob Sie der Bearbeitung der Personendaten zustimmen oder dies ablehnen und dies uns gegebenenfalls mitteilen.<\/p>\n<p>Der Begriff \u201cBearbeitung\u201d in dieser Datenschutzerkl\u00e4rung kann beispielsweise die folgenden Bedeutungen haben:<\/p>\n<p>Die Sammlung,<\/p>\n<p>Speicherung,<\/p>\n<p>Verwaltung,<\/p>\n<p>Nutzung,<\/p>\n<p>\u00dcbermittlung,<\/p>\n<p>Bekanntgabe oder L\u00f6schung Ihrer Personendaten.<\/p>\n<p>Wir sammeln Personendaten um Ihnen unsere Dienstleistungen zu erbringen und unsere Angebote zu verbessern.<\/p>\n<\/p>\n<p><strong>2.<\/strong> Inhaber der Datensammlung<\/p>\n<p>Der Inhaber der Datensammlung ist die Atron GmbH.<\/p>\n<\/p>\n<p><strong>3. <\/strong>Datensicherheit<\/p>\n<p>Wir ergreifen alle Massnahmen um Personendaten vor dem Zugriff von Dritten zu sch\u00fctzen. In allen F\u00e4llen werden Daten welche Sie an unsere Webseite schicken oder Daten welche Sie empfangen, verschl\u00fcsselt.<\/p>\n<\/p>\n<p><strong>4.<\/strong> Dauer der Datenspeicherung<\/p>\n<p>Wir speichern Ihre Personendaten wie wir es zur Einhaltung der Gesetze als angemessen erachten, oder so lange sie f\u00fcr die Erf\u00fcllung der Zwecke f\u00fcr die sie gesammelt wurden notwendig sind.<\/p>\n<p>Wir l\u00f6schen die Personendaten sobald sie nicht mehr ben\u00f6tigt werden und sp\u00e4testens nach Ablauf der gesetzlich vorgeschriebenen maximalen Aufbewahrungsfrist.<\/p>\n<\/p>\n<p><strong>5.<\/strong> Rechte in Bezug auf Ihre Personendaten<\/p>\n<p>Auf schriftliche Anfrage informieren wir Sie, welche pers\u00f6nlichen Daten wir von Ihnen gespeichert haben.<\/p>\n<p>Sie haben das Recht Ihre Personendaten zu berichtigen, zu erg\u00e4nzen, der Bearbeitung zu wiedersprechen oder die L\u00f6schung zu verlangen.<\/p>\n<\/p>\n<p><strong>6.<\/strong> Kontakt<\/p>\n<p>Sie k\u00f6nnen uns in Bezug auf Datenschutzanliegen unter folgender Adresse kontaktieren:<\/p>\n<p>www.atron.ch<\/p>\n<\/p>\n<p><strong>7.<\/strong> Wann und wie sammeln wir Personendaten?<\/p>\n<p>Wir sammeln Personendaten wann immer Sie Kontakt zu uns aufnehmen oder wenn Sie unsere Webseite besuchen. Alle Daten, welche Sie an unsere Webseiten \u00fcbermitteln, werden verschl\u00fcsselt \u00fcbertragen. Beispielsweise in den folgenden Situationen:<\/p>\n<p>Sie besuchen unsere Webseiten und informieren sich \u00fcber unsere Produkte.<\/p>\n<p>Sie kontaktieren uns \u00fcber ein Formular auf unserer Webseite.<\/p>\n<p>Sie fordern ein Angebot auf unserer Webseite an.<\/p>\n<p>Sie bestellen Waren in unserem Shop.<\/p>\n<p>Kommunikation mit uns \u00fcber Telefon, Fax, Email etc. erfolgt in den meisten F\u00e4llen unverschl\u00fcsselt<\/p>\n<p>Kontaktaufnahme per E-Mail mit unserem Support<\/p>\n<p>Kontaktaufnahme per E-Mail mit unserem Sales-Team<\/p>\n<p>Teilnahme an Umfragen von Atron GmbH<\/p>\n<\/p>\n<p><strong>8.<\/strong> Art der Daten<\/p>\n<p>Welche Daten werden gesammelt? Wir sammeln Daten welche Sie uns zur Verf\u00fcgung stellen und f\u00fcr die Abwicklung von Bestellungen n\u00f6tig sind. Dies sind beispielsweise folgende Personendaten:<\/p>\n<p>Name und Vorname der Kontaktpersonen<\/p>\n<p>Lieferadresse und Rechnungsadresse<\/p>\n<p>Telefonnummern<\/p>\n<p>Emailadressen<\/p>\n<p>Zustimmung f\u00fcr den Empfang von Produktinformationen und Newslettern<\/p>\n<p>Kreditkartendaten werden von uns weder verarbeitet noch gespeichert. Zahlungen werden \u00fcber Dritte abgewickelt.<\/p>\n<\/p>\n<p><strong>8.1 <\/strong>Log-Dateien<\/p>\n<p>Bei jedem Zugriff auf unsere Webseiten werden von Ihrem Browser Daten aus technischen Gr\u00fcnden an unseren Webserver gesendet. Wir k\u00f6nnen diese Daten sammeln und auswerten um zum Beispiel unsere Webseiten zu optimieren oder Fehler zu finden.<\/p>\n<\/p>\n<p><strong>8.2<\/strong> Web Analyse Tools<\/p>\n<p>Um das Nutzerverhalten zu analysieren und damit die Inhalte unserer Webseiten zu optimieren, verwenden wir den Dienst Google Analytics. Dazu werden Daten, wie Sie unsere Webseiten verwenden, sowie Ihre IP Adresse, in anonymisierter Form an die Server von Google gesendet. Diese Server k\u00f6nnen sich im Ausland befinden.<\/p>\n<p>Sie k\u00f6nnen die Erfassung und Nutzung der Daten durch Google verhindern, indem Sie das Browser-Plugin unter nachfolgendem Link herunterladen und installieren: tools.google.com\/dlpage\/gaoptout?hl=de<\/p>\n<\/p>\n<p><strong>8.3 <\/strong>Google reCAPTCHA<\/p>\n<p>Wir nutzen den Dienst Google reCAPTCHA um Formulare auf unserer Webseite von Spam und Missbrauch zu sch\u00fctzen. Dieser Service pr\u00fcft ob die Eingaben von einem Menschen und nicht von automatisierter Software stammen. Dabei werden diverse technische Daten von Ihrem Ger\u00e4t verschl\u00fcsselt an die Server von Google gesendet. Diese Server k\u00f6nnen sich im Ausland befinden.<\/p>\n<\/p>\n<p><strong>9.<\/strong> Bearbeitungszwecke<\/p>\n<p>Ihre Personendaten werden zur Erf\u00fcllung von Ihren Auftr\u00e4gen und f\u00fcr die Kommunikation mit Ihnen verwendet.<\/p>\n<p>Zudem werden Personendaten zu Kommunikations- und Marketingzwecken verwendet. Sie erhalten als Kunde beispielsweise folgende Informationen:<\/p>\n<p>Wichtige Informationen welche Ihre Produkte betreffen (\u201cProduct Change Notifications\u201d)<\/p>\n<p>Newsletter mit Produkt- oder Softwareneuigkeiten<\/p>\n<p>Sie k\u00f6nnen sich jederzeit von jeglicher Kommunikation abmelden.<\/p>\n<\/p>\n<p><strong>10. <\/strong>Weitergabe von Personendaten<\/p>\n<p>Ihre Personendaten werden grunds\u00e4tzlich weder verkauft noch an dritte weitergegeben. Eine Ausnahme ist die Weitergabe zur Erf\u00fcllung der genannten Bearbeitungszwecke.<\/p>\n<p>F\u00fcr den Versand k\u00f6nnen wir Ihre Personendaten an folgende Firmen weitergeben, deren Server sich im Ausland befinden k\u00f6nnen:<\/p>\n<p>FedEx Corporation (USA)<\/p>\n<p>UPS United Parcel Service of America, Inc. (USA)<\/p>\n<p>DHL International GmbH (Deutschland)<\/p>\n<p>Die Schweizerische Post AG (Schweiz)<\/p>\n<p>TNT Express N.V (Niederlande)<\/p>\n<p>FedEx Express International B.V. (Niederlande)<\/p>\n<\/p>\n<p><strong>11.<\/strong> Cookies<\/p>\n<p>Unsere Webseiten verwenden Cookies (Textinformationen) welche von Ihrem Webbrowser beim Besuch unsrer Webseiten auf Ihrem Computer gespeichert werden. Dabei werden keine Personendaten in Cookies gespeichert.<\/p>\n<p>Die von unseren Webseiten genutzten Cookies dienen dazu, die Funktionen unserer Webseiten zur Verf\u00fcgung zu stellen<\/p>\n<p>Zus\u00e4tzlich werden durch Google Analytics Cookies gesetzt.<\/p>\n<p>Sie k\u00f6nnen die Speicherung von Cookies verhindern, wenn Sie entsprechende Einstellungen in Ihrem Browser vornehmen. Bitte beachten Sie, dass einige Funktionen auf unseren Webseiten nicht funktionieren, wenn Sie Cookies nicht akzeptieren.<\/p>\n<p>Detaillierte Cookie-Deklaration (generiert von Cookiebot)<\/p>\n<p>Diese Webseite verwendet Cookies. Wir verwenden Cookies, um Inhalte und Anzeigen zu personalisieren, Funktionen f\u00fcr soziale Medien anbieten zu k\u00f6nnen und die Zugriffe auf unsere Website zu analysieren. Au\u00dferdem geben wir Informationen zu Ihrer Verwendung unserer Website an unsere Partner f\u00fcr soziale Medien, Werbung und Analysen weiter. Unsere Partner f\u00fchren diese Informationen m\u00f6glicherweise mit weiteren Daten zusammen, die Sie ihnen bereitgestellt haben oder die sie im Rahmen Ihrer Nutzung der Dienste gesammelt haben.<\/p>\n<p>Cookies sind kleine Textdateien, die von Webseiten verwendet werden, um die Benutzererfahrung effizienter zu gestalten.<\/p>\n<p>Laut Gesetz k\u00f6nnen wir Cookies auf Ihrem Ger\u00e4t speichern, wenn diese f\u00fcr den Betrieb dieser Seite unbedingt notwendig sind. F\u00fcr alle anderen Cookie-Typen ben\u00f6tigen wir Ihre Erlaubnis.<\/p>\n<p>Diese Seite verwendet unterschiedliche Cookie-Typen. Einige Cookies werden von Drittparteien platziert, die auf unseren Seiten erscheinen.<\/p>\n<p>Sie k\u00f6nnen Ihre Einwilligung jederzeit von der Cookie-Erkl\u00e4rung auf unserer Website \u00e4ndern oder widerrufen.<\/p>\n<p>Erfahren Sie in unserer Datenschutzrichtlinie mehr dar\u00fcber, wer wir sind, wie Sie uns kontaktieren k\u00f6nnen und wie wir personenbezogene Daten verarbeiten.<\/p>\n<p>Bitte geben Sie Ihre Einwilligungs-ID und das Datum an, wenn Sie uns bez\u00fcglich Ihrer Einwilligung kontaktieren.<\/p>\n<p>Ihre Einwilligung trifft auf die folgenden Domains zu: www.atron.ch<\/p>\n<\/div><\/div><\/div><\/div><\/div>\n","protected":false},"excerpt":{"rendered":"","protected":false},"author":1,"featured_media":0,"parent":0,"menu_order":0,"comment_status":"closed","ping_status":"closed","template":"100-width.php","meta":{"footnotes":""},"class_list":["post-338","page","type-page","status-publish","hentry"],"yoast_head":"<!-- This site is optimized with the Yoast SEO plugin v27.4 - https:\/\/yoast.com\/product\/yoast-seo-wordpress\/ -->\n<title>Data Privacy - Atron GmbH<\/title>\n<meta name=\"robots\" content=\"index, follow, max-snippet:-1, max-image-preview:large, max-video-preview:-1\" \/>\n<link rel=\"canonical\" href=\"https:\/\/atron.ch\/en\/data-privacy\/\" \/>\n<meta property=\"og:locale\" content=\"en_US\" \/>\n<meta property=\"og:type\" content=\"article\" \/>\n<meta property=\"og:title\" content=\"Data Privacy - Atron GmbH\" \/>\n<meta property=\"og:url\" content=\"https:\/\/atron.ch\/en\/data-privacy\/\" \/>\n<meta property=\"og:site_name\" content=\"Atron GmbH\" \/>\n<meta property=\"article:modified_time\" content=\"2026-02-26T10:19:49+00:00\" \/>\n<meta name=\"twitter:card\" content=\"summary_large_image\" \/>\n<meta name=\"twitter:label1\" content=\"Est. reading time\" \/>\n\t<meta name=\"twitter:data1\" content=\"9 minutes\" \/>\n<script type=\"application\/ld+json\" class=\"yoast-schema-graph\">{\"@context\":\"https:\\\/\\\/schema.org\",\"@graph\":[{\"@type\":\"WebPage\",\"@id\":\"https:\\\/\\\/atron.ch\\\/en\\\/data-privacy\\\/\",\"url\":\"https:\\\/\\\/atron.ch\\\/en\\\/data-privacy\\\/\",\"name\":\"Data Privacy - Atron GmbH\",\"isPartOf\":{\"@id\":\"https:\\\/\\\/atron.ch\\\/en\\\/#website\"},\"datePublished\":\"2025-03-19T08:33:17+00:00\",\"dateModified\":\"2026-02-26T10:19:49+00:00\",\"breadcrumb\":{\"@id\":\"https:\\\/\\\/atron.ch\\\/en\\\/data-privacy\\\/#breadcrumb\"},\"inLanguage\":\"en-US\",\"potentialAction\":[{\"@type\":\"ReadAction\",\"target\":[\"https:\\\/\\\/atron.ch\\\/en\\\/data-privacy\\\/\"]}]},{\"@type\":\"BreadcrumbList\",\"@id\":\"https:\\\/\\\/atron.ch\\\/en\\\/data-privacy\\\/#breadcrumb\",\"itemListElement\":[{\"@type\":\"ListItem\",\"position\":1,\"name\":\"Start\",\"item\":\"https:\\\/\\\/atron.ch\\\/en\\\/\"},{\"@type\":\"ListItem\",\"position\":2,\"name\":\"Data Privacy\"}]},{\"@type\":\"WebSite\",\"@id\":\"https:\\\/\\\/atron.ch\\\/en\\\/#website\",\"url\":\"https:\\\/\\\/atron.ch\\\/en\\\/\",\"name\":\"Atron GmbH\",\"description\":\"Your Global Source for Electronic Components\",\"potentialAction\":[{\"@type\":\"SearchAction\",\"target\":{\"@type\":\"EntryPoint\",\"urlTemplate\":\"https:\\\/\\\/atron.ch\\\/en\\\/?s={search_term_string}\"},\"query-input\":{\"@type\":\"PropertyValueSpecification\",\"valueRequired\":true,\"valueName\":\"search_term_string\"}}],\"inLanguage\":\"en-US\"}]}<\/script>\n<!-- \/ Yoast SEO plugin. -->","yoast_head_json":{"title":"Data Privacy - Atron GmbH","robots":{"index":"index","follow":"follow","max-snippet":"max-snippet:-1","max-image-preview":"max-image-preview:large","max-video-preview":"max-video-preview:-1"},"canonical":"https:\/\/atron.ch\/en\/data-privacy\/","og_locale":"en_US","og_type":"article","og_title":"Data Privacy - Atron GmbH","og_url":"https:\/\/atron.ch\/en\/data-privacy\/","og_site_name":"Atron GmbH","article_modified_time":"2026-02-26T10:19:49+00:00","twitter_card":"summary_large_image","twitter_misc":{"Est. reading time":"9 minutes"},"schema":{"@context":"https:\/\/schema.org","@graph":[{"@type":"WebPage","@id":"https:\/\/atron.ch\/en\/data-privacy\/","url":"https:\/\/atron.ch\/en\/data-privacy\/","name":"Data Privacy - Atron GmbH","isPartOf":{"@id":"https:\/\/atron.ch\/en\/#website"},"datePublished":"2025-03-19T08:33:17+00:00","dateModified":"2026-02-26T10:19:49+00:00","breadcrumb":{"@id":"https:\/\/atron.ch\/en\/data-privacy\/#breadcrumb"},"inLanguage":"en-US","potentialAction":[{"@type":"ReadAction","target":["https:\/\/atron.ch\/en\/data-privacy\/"]}]},{"@type":"BreadcrumbList","@id":"https:\/\/atron.ch\/en\/data-privacy\/#breadcrumb","itemListElement":[{"@type":"ListItem","position":1,"name":"Start","item":"https:\/\/atron.ch\/en\/"},{"@type":"ListItem","position":2,"name":"Data Privacy"}]},{"@type":"WebSite","@id":"https:\/\/atron.ch\/en\/#website","url":"https:\/\/atron.ch\/en\/","name":"Atron GmbH","description":"Your Global Source for Electronic Components","potentialAction":[{"@type":"SearchAction","target":{"@type":"EntryPoint","urlTemplate":"https:\/\/atron.ch\/en\/?s={search_term_string}"},"query-input":{"@type":"PropertyValueSpecification","valueRequired":true,"valueName":"search_term_string"}}],"inLanguage":"en-US"}]}},"_links":{"self":[{"href":"https:\/\/atron.ch\/en\/wp-json\/wp\/v2\/pages\/338","targetHints":{"allow":["GET"]}}],"collection":[{"href":"https:\/\/atron.ch\/en\/wp-json\/wp\/v2\/pages"}],"about":[{"href":"https:\/\/atron.ch\/en\/wp-json\/wp\/v2\/types\/page"}],"author":[{"embeddable":true,"href":"https:\/\/atron.ch\/en\/wp-json\/wp\/v2\/users\/1"}],"replies":[{"embeddable":true,"href":"https:\/\/atron.ch\/en\/wp-json\/wp\/v2\/comments?post=338"}],"version-history":[{"count":1,"href":"https:\/\/atron.ch\/en\/wp-json\/wp\/v2\/pages\/338\/revisions"}],"predecessor-version":[{"id":339,"href":"https:\/\/atron.ch\/en\/wp-json\/wp\/v2\/pages\/338\/revisions\/339"}],"wp:attachment":[{"href":"https:\/\/atron.ch\/en\/wp-json\/wp\/v2\/media?parent=338"}],"curies":[{"name":"wp","href":"https:\/\/api.w.org\/{rel}","templated":true}]}}